{"id":2548,"date":"2022-06-28T10:19:00","date_gmt":"2022-06-28T13:19:00","guid":{"rendered":"https:\/\/viveroleoessencial.com.br\/loja\/index.php\/produto\/a-biblia-da-aromaterapia-o-guia-definitivo-para-o-uso-terapeutico-dos-oleos-essenciais-2\/"},"modified":"2026-05-09T21:17:09","modified_gmt":"2026-05-10T00:17:09","slug":"a-biblia-da-aromaterapia-o-guia-definitivo-para-o-uso-terapeutico-dos-oleos-essenciais-2","status":"publish","type":"product","link":"https:\/\/viveroleoessencial.com.br\/loja\/produto\/a-biblia-da-aromaterapia-o-guia-definitivo-para-o-uso-terapeutico-dos-oleos-essenciais-2\/","title":{"rendered":"A B\u00edblia da Aromaterapia: O Guia Definitivo Para o Uso Terap\u00eautico dos \u00d3leos Essenciais"},"content":{"rendered":"","protected":false},"excerpt":{"rendered":"","protected":false},"featured_media":2547,"comment_status":"open","ping_status":"closed","template":"","meta":{"spay_email":""},"store":[140],"product_cat":[15],"product_tag":[],"_links":{"self":[{"href":"https:\/\/viveroleoessencial.com.br\/loja\/wp-json\/wp\/v2\/product\/2548"}],"collection":[{"href":"https:\/\/viveroleoessencial.com.br\/loja\/wp-json\/wp\/v2\/product"}],"about":[{"href":"https:\/\/viveroleoessencial.com.br\/loja\/wp-json\/wp\/v2\/types\/product"}],"replies":[{"embeddable":true,"href":"https:\/\/viveroleoessencial.com.br\/loja\/wp-json\/wp\/v2\/comments?post=2548"}],"wp:featuredmedia":[{"embeddable":true,"href":"https:\/\/viveroleoessencial.com.br\/loja\/wp-json\/wp\/v2\/media\/2547"}],"wp:attachment":[{"href":"https:\/\/viveroleoessencial.com.br\/loja\/wp-json\/wp\/v2\/media?parent=2548"}],"wp:term":[{"taxonomy":"store","embeddable":true,"href":"https:\/\/viveroleoessencial.com.br\/loja\/wp-json\/wp\/v2\/store?post=2548"},{"taxonomy":"product_cat","embeddable":true,"href":"https:\/\/viveroleoessencial.com.br\/loja\/wp-json\/wp\/v2\/product_cat?post=2548"},{"taxonomy":"product_tag","embeddable":true,"href":"https:\/\/viveroleoessencial.com.br\/loja\/wp-json\/wp\/v2\/product_tag?post=2548"}],"curies":[{"name":"wp","href":"https:\/\/api.w.org\/{rel}","templated":true}]}}