{"id":2466,"date":"2022-06-25T18:33:46","date_gmt":"2022-06-25T21:33:46","guid":{"rendered":"https:\/\/viveroleoessencial.com.br\/loja\/index.php\/produto\/umidificador-de-ar-para-ambientes-lb-37-coffee-beurer-lb37coffee-marrom\/"},"modified":"2026-05-09T22:02:38","modified_gmt":"2026-05-10T01:02:38","slug":"umidificador-de-ar-para-ambientes-lb-37-coffee-beurer-lb37coffee-marrom","status":"publish","type":"product","link":"https:\/\/viveroleoessencial.com.br\/loja\/produto\/umidificador-de-ar-para-ambientes-lb-37-coffee-beurer-lb37coffee-marrom\/","title":{"rendered":"Umidificador de Ar Para Ambientes"},"content":{"rendered":"<ul>\n<li>Para perfumaria de sala &#8211; adequado para \u00f3leos arom\u00e1ticos<\/li>\n<li>\nLEDs indicadores &#8211; LEDs brancos e azuis indicam diferentes n\u00edveis de atomiza\u00e7\u00e3o, enquanto vermelho significa um tanque de \u00e1gua vazio<\/li>\n<li>\nOpera\u00e7\u00e3o extremamente silenciosa<\/li>\n<\/ul>\n","protected":false},"excerpt":{"rendered":"<p>Para perfumaria de sala &#8211; adequado para \u00f3leos arom\u00e1ticos LEDs indicadores &#8211; LEDs brancos e azuis indicam diferentes n\u00edveis de atomiza\u00e7\u00e3o, enquanto vermelho significa um tanque de \u00e1gua vazio Opera\u00e7\u00e3o extremamente silenciosa<\/p>\n","protected":false},"featured_media":2463,"comment_status":"open","ping_status":"closed","template":"","meta":{"spay_email":""},"store":[167],"product_cat":[143],"product_tag":[],"_links":{"self":[{"href":"https:\/\/viveroleoessencial.com.br\/loja\/wp-json\/wp\/v2\/product\/2466"}],"collection":[{"href":"https:\/\/viveroleoessencial.com.br\/loja\/wp-json\/wp\/v2\/product"}],"about":[{"href":"https:\/\/viveroleoessencial.com.br\/loja\/wp-json\/wp\/v2\/types\/product"}],"replies":[{"embeddable":true,"href":"https:\/\/viveroleoessencial.com.br\/loja\/wp-json\/wp\/v2\/comments?post=2466"}],"wp:featuredmedia":[{"embeddable":true,"href":"https:\/\/viveroleoessencial.com.br\/loja\/wp-json\/wp\/v2\/media\/2463"}],"wp:attachment":[{"href":"https:\/\/viveroleoessencial.com.br\/loja\/wp-json\/wp\/v2\/media?parent=2466"}],"wp:term":[{"taxonomy":"store","embeddable":true,"href":"https:\/\/viveroleoessencial.com.br\/loja\/wp-json\/wp\/v2\/store?post=2466"},{"taxonomy":"product_cat","embeddable":true,"href":"https:\/\/viveroleoessencial.com.br\/loja\/wp-json\/wp\/v2\/product_cat?post=2466"},{"taxonomy":"product_tag","embeddable":true,"href":"https:\/\/viveroleoessencial.com.br\/loja\/wp-json\/wp\/v2\/product_tag?post=2466"}],"curies":[{"name":"wp","href":"https:\/\/api.w.org\/{rel}","templated":true}]}}