{"id":2458,"date":"2022-06-25T18:33:41","date_gmt":"2022-06-25T21:33:41","guid":{"rendered":"https:\/\/viveroleoessencial.com.br\/loja\/index.php\/produto\/pureguardian-difusor-de-aroma-usb-para-viagem-evaporativa-difusor-de-oleo-essencial-perfeito-para-movimento-use-com-seu-computador-no-seu-carro\/"},"modified":"2026-05-08T15:10:05","modified_gmt":"2026-05-08T18:10:05","slug":"pureguardian-difusor-de-aroma-usb-para-viagem-evaporativa-difusor-de-oleo-essencial-perfeito-para-movimento-use-com-seu-computador-no-seu-carro","status":"publish","type":"product","link":"https:\/\/viveroleoessencial.com.br\/loja\/produto\/pureguardian-difusor-de-aroma-usb-para-viagem-evaporativa-difusor-de-oleo-essencial-perfeito-para-movimento-use-com-seu-computador-no-seu-carro\/","title":{"rendered":"Pureguardian Difusor de Aroma USB para Viagem"},"content":{"rendered":"<ul>\n<li>Insira o n\u00famero do modelo para ter certeza que se encaixa.<\/li>\n<li>Crie um ambiente calmante no escrit\u00f3rio, em casa ou no seu carro com o difusor de aroma alimentado por USB se conecta facilmente \u00e0 maioria das portas USB e preenche rapidamente seu espa\u00e7o com aroma natural<\/li>\n<li>Personalize com apenas algumas gotas de seu \u00f3leo de aromaterapia favorito e o difusor come\u00e7ar\u00e1 rapidamente a encher o ar com o perfume. Nenhuma \u00e1gua \u00e9 necess\u00e1ria. 5 almofadas absorventes est\u00e3o inclu\u00eddas<\/li>\n<li>Carrega convenientemente outros dispositivos com uma porta USB integrada que funciona enquanto o difusor est\u00e1 conectado<\/li>\n<li>Leve-o com voc\u00ea em seu carro, viagens ou para trabalhar, lojas de design compacto e port\u00e1til facilmente em uma bolsa de trabalho, mochila ou bolsa<\/li>\n<li>Leve-o com voc\u00ea em seu carro, viagens ou para trabalhar, o design compacto e port\u00e1til armazena facilmente em uma bolsa de trabalho, mochila ou bolsa NOTA: Nem todos os modelos de carros acomodar\u00e3o um dispositivo na porta USB Depende da localiza\u00e7\u00e3o USB e acessibilidade Recomenda-se revisar esse local antes de comprar para esse uso espec\u00edfico<\/li>\n<\/ul>\n","protected":false},"excerpt":{"rendered":"<p>Insira o n\u00famero do modelo para ter certeza que se encaixa. Crie um ambiente calmante no escrit\u00f3rio, em casa ou no seu carro com o difusor de aroma alimentado por USB se conecta facilmente \u00e0 maioria das portas USB e preenche rapidamente seu espa\u00e7o com aroma natural Personalize com apenas algumas gotas de seu \u00f3leo [&hellip;]<\/p>\n","protected":false},"featured_media":2454,"comment_status":"open","ping_status":"closed","template":"","meta":{"spay_email":""},"store":[165],"product_cat":[143],"product_tag":[],"_links":{"self":[{"href":"https:\/\/viveroleoessencial.com.br\/loja\/wp-json\/wp\/v2\/product\/2458"}],"collection":[{"href":"https:\/\/viveroleoessencial.com.br\/loja\/wp-json\/wp\/v2\/product"}],"about":[{"href":"https:\/\/viveroleoessencial.com.br\/loja\/wp-json\/wp\/v2\/types\/product"}],"replies":[{"embeddable":true,"href":"https:\/\/viveroleoessencial.com.br\/loja\/wp-json\/wp\/v2\/comments?post=2458"}],"wp:featuredmedia":[{"embeddable":true,"href":"https:\/\/viveroleoessencial.com.br\/loja\/wp-json\/wp\/v2\/media\/2454"}],"wp:attachment":[{"href":"https:\/\/viveroleoessencial.com.br\/loja\/wp-json\/wp\/v2\/media?parent=2458"}],"wp:term":[{"taxonomy":"store","embeddable":true,"href":"https:\/\/viveroleoessencial.com.br\/loja\/wp-json\/wp\/v2\/store?post=2458"},{"taxonomy":"product_cat","embeddable":true,"href":"https:\/\/viveroleoessencial.com.br\/loja\/wp-json\/wp\/v2\/product_cat?post=2458"},{"taxonomy":"product_tag","embeddable":true,"href":"https:\/\/viveroleoessencial.com.br\/loja\/wp-json\/wp\/v2\/product_tag?post=2458"}],"curies":[{"name":"wp","href":"https:\/\/api.w.org\/{rel}","templated":true}]}}