{"id":2451,"date":"2022-06-25T18:33:37","date_gmt":"2022-06-25T21:33:37","guid":{"rendered":"https:\/\/viveroleoessencial.com.br\/loja\/index.php\/produto\/difusor-de-oleo-essencial-air-wick-difusor-de-oleo-essencial-bluetooth\/"},"modified":"2026-05-04T22:10:34","modified_gmt":"2026-05-05T01:10:34","slug":"difusor-de-oleo-essencial-air-wick-difusor-de-oleo-essencial-bluetooth","status":"publish","type":"product","link":"https:\/\/viveroleoessencial.com.br\/loja\/produto\/difusor-de-oleo-essencial-air-wick-difusor-de-oleo-essencial-bluetooth\/","title":{"rendered":"Difusor de \u00f3leo essencial Air Wick, Bluetooth"},"content":{"rendered":"<ul>\n<li>Fragr\u00e2ncia quando voc\u00ea quiser: o difusor de conex\u00e3o Bluetooth Air Wick Essential Mist proporciona uma experi\u00eancia de fragr\u00e2ncia personalizada para que voc\u00ea possa obter a fragr\u00e2ncia quando quiser, como voc\u00ea quiser.<\/li>\n<li>Controle de tomada: com o aplicativo Air Wick, voc\u00ea pode criar programa\u00e7\u00e3o de fragr\u00e2ncia, controlar a frequ\u00eancia de suas sess\u00f5es e a intensidade da fragr\u00e2ncia. Voc\u00ea deve definir uma programa\u00e7\u00e3o para operar o dispositivo.<\/li>\n<li>Em breve: no final de julho, uma atualiza\u00e7\u00e3o autom\u00e1tica no aplicativo permitir\u00e1 que o Amazon Dash Auto Replenish Voc\u00ea pode saber quando seus recargas est\u00e3o ficando baixas e fazer um pedido do seu telefone Este dispositivo requer que o aplicativo funcione<\/li>\n<li>Fragr\u00e2ncias: transforma a fragr\u00e2ncia infundida com \u00f3leos essenciais naturais em uma n\u00e9voa suave. Experimente uma combina\u00e7\u00e3o de lavanda fresca, flor de am\u00eandoa delicada, \u00e2mbar doce como base de madeira com toques de rosa e patchouli. Desfrute dos doces prazeres do mandarim e laranja com uma brisa suave de flor de p\u00eassego cremosa<\/li>\n<li>Experi\u00eancia de fragr\u00e2ncia sem bagun\u00e7a: o dispositivo n\u00e3o vaporiza continuamente, 5 configura\u00e7\u00f5es diferentes para ajustar a intensidade da fragr\u00e2ncia (comprimento de spray e frequ\u00eancia). Cada recarga vem pronta para usar, n\u00e3o \u00e9 necess\u00e1rio adicionar \u00e1gua. F\u00e1cil de trocar os refis.<\/li>\n<\/ul>\n","protected":false},"excerpt":{"rendered":"<p>Fragr\u00e2ncia quando voc\u00ea quiser: o difusor de conex\u00e3o Bluetooth Air Wick Essential Mist proporciona uma experi\u00eancia de fragr\u00e2ncia personalizada para que voc\u00ea possa obter a fragr\u00e2ncia quando quiser, como voc\u00ea quiser. Controle de tomada: com o aplicativo Air Wick, voc\u00ea pode criar programa\u00e7\u00e3o de fragr\u00e2ncia, controlar a frequ\u00eancia de suas sess\u00f5es e a intensidade da [&hellip;]<\/p>\n","protected":false},"featured_media":2447,"comment_status":"open","ping_status":"closed","template":"","meta":{"spay_email":""},"store":[164],"product_cat":[143],"product_tag":[],"_links":{"self":[{"href":"https:\/\/viveroleoessencial.com.br\/loja\/wp-json\/wp\/v2\/product\/2451"}],"collection":[{"href":"https:\/\/viveroleoessencial.com.br\/loja\/wp-json\/wp\/v2\/product"}],"about":[{"href":"https:\/\/viveroleoessencial.com.br\/loja\/wp-json\/wp\/v2\/types\/product"}],"replies":[{"embeddable":true,"href":"https:\/\/viveroleoessencial.com.br\/loja\/wp-json\/wp\/v2\/comments?post=2451"}],"wp:featuredmedia":[{"embeddable":true,"href":"https:\/\/viveroleoessencial.com.br\/loja\/wp-json\/wp\/v2\/media\/2447"}],"wp:attachment":[{"href":"https:\/\/viveroleoessencial.com.br\/loja\/wp-json\/wp\/v2\/media?parent=2451"}],"wp:term":[{"taxonomy":"store","embeddable":true,"href":"https:\/\/viveroleoessencial.com.br\/loja\/wp-json\/wp\/v2\/store?post=2451"},{"taxonomy":"product_cat","embeddable":true,"href":"https:\/\/viveroleoessencial.com.br\/loja\/wp-json\/wp\/v2\/product_cat?post=2451"},{"taxonomy":"product_tag","embeddable":true,"href":"https:\/\/viveroleoessencial.com.br\/loja\/wp-json\/wp\/v2\/product_tag?post=2451"}],"curies":[{"name":"wp","href":"https:\/\/api.w.org\/{rel}","templated":true}]}}