{"id":2449,"date":"2022-06-25T18:33:37","date_gmt":"2022-06-25T21:33:37","guid":{"rendered":"https:\/\/viveroleoessencial.com.br\/loja\/index.php\/produto\/gratia-naturals-oleos-essenciais-essenciais-difusor-de-aroma-com-conjunto-de-4-oleos-incluidos-umidificador-de-nevoa-fria-silenciosa-ultrassonica\/"},"modified":"2026-05-09T12:49:57","modified_gmt":"2026-05-09T15:49:57","slug":"gratia-naturals-oleos-essenciais-essenciais-difusor-de-aroma-com-conjunto-de-4-oleos-incluidos-umidificador-de-nevoa-fria-silenciosa-ultrassonica","status":"publish","type":"product","link":"https:\/\/viveroleoessencial.com.br\/loja\/produto\/gratia-naturals-oleos-essenciais-essenciais-difusor-de-aroma-com-conjunto-de-4-oleos-incluidos-umidificador-de-nevoa-fria-silenciosa-ultrassonica\/","title":{"rendered":"Difusor de Aroma com Conjunto de 4 \u00d3leos Inclu\u00eddos"},"content":{"rendered":"<ul>\n<li>[Rejuvenes\u00e7a e acalme seus sentidos] \u2013 Difusor de \u00f3leos essenciais silencioso de 250 ml com 4 \u00f3leos essenciais superiores \u2013 hidratar, descongestionar e respirar \u2013 A n\u00e9voa suave do difusor de \u00f3leo funciona como um umidificador descongestionante para salas grandes, quarto, promovendo puffs de al\u00edvio de neblina para seios nasais, alergias e pele seca. Um maravilhoso purificador de ar de limpeza de espa\u00e7o tamb\u00e9m!<\/li>\n<li>[4 \u00f3leos essenciais de alta qualidade inclu\u00eddos] \u2013 Kit inicial de 4 \u00f3leos essenciais da cole\u00e7\u00e3o premium Gratia Naturals, lavanda, camomila, capim-lim\u00e3o e laranja<\/li>\n<li>[7 luzes LED hipnotizantes] \u2013 Luzes calmantes para o quarto d\u00e3o um tom relaxante e dim a qualquer espa\u00e7o. Dependendo da sua prefer\u00eancia, voc\u00ea pode definir estas luzes de LED para o ambiente de ambiente para alternar cada cor, iluminar uma cor ou exibir nenhuma luz. Este difusor de ar de aroma \u00e9 o complemento perfeito para a rotina de ioga, hora de dormir ou treino.<\/li>\n<li>[F\u00e1cil de encher \u2013 F\u00e1cil de limpar \u2013 Fun\u00e7\u00f5es autom\u00e1ticas] \u2013 Remova a parte superior, adicione \u00e1gua e seus \u00f3leos essenciais, aromaterapia e configura\u00e7\u00f5es de luz preferidas e voila! Est\u00e1 pronto para a sua pr\u00f3xima combina\u00e7\u00e3o de \u00f3leos essenciais de lavanda, hortel\u00e3 ou eucalipto. Suaviza seus sentidos por 1 a 10 horas \u2013 depois desliga automaticamente ap\u00f3s o tempo selecionado (para seguran\u00e7a se voc\u00ea esquecer de encher a \u00e1gua).<\/li>\n<li>[4 ajustes de temporizador, 2 n\u00edveis de n\u00e9voa] \u2013 Escolha entre 2 op\u00e7\u00f5es de n\u00edvel de energia de n\u00e9voa, n\u00e9voa delicada para salas pequenas e n\u00e9voa mais forte para c\u00f4modos grandes. A op\u00e7\u00e3o de desligamento autom\u00e1tico sem \u00e1gua oferece um sono reparador, mant\u00e9m o difusor ligado \u00e0 noite sem se preocupar com superaquecimento. . Experimente 100% de satisfa\u00e7\u00e3o do difusor de \u00f3leo arom\u00e1tico ou simplesmente nos avise e emitiremos um reembolso total \u2013 sem perguntas. Com o difusor Gratia, n\u00e3o precisa mais procurar para difusores de ambiente para \u00f3leos essenciais<\/li>\n<\/ul>\n","protected":false},"excerpt":{"rendered":"<p>[Rejuvenes\u00e7a e acalme seus sentidos] \u2013 Difusor de \u00f3leos essenciais silencioso de 250 ml com 4 \u00f3leos essenciais superiores \u2013 hidratar, descongestionar e respirar \u2013 A n\u00e9voa suave do difusor de \u00f3leo funciona como um umidificador descongestionante para salas grandes, quarto, promovendo puffs de al\u00edvio de neblina para seios nasais, alergias e pele seca. Um [&hellip;]<\/p>\n","protected":false},"featured_media":2445,"comment_status":"open","ping_status":"closed","template":"","meta":{"spay_email":""},"store":[163],"product_cat":[143],"product_tag":[],"_links":{"self":[{"href":"https:\/\/viveroleoessencial.com.br\/loja\/wp-json\/wp\/v2\/product\/2449"}],"collection":[{"href":"https:\/\/viveroleoessencial.com.br\/loja\/wp-json\/wp\/v2\/product"}],"about":[{"href":"https:\/\/viveroleoessencial.com.br\/loja\/wp-json\/wp\/v2\/types\/product"}],"replies":[{"embeddable":true,"href":"https:\/\/viveroleoessencial.com.br\/loja\/wp-json\/wp\/v2\/comments?post=2449"}],"wp:featuredmedia":[{"embeddable":true,"href":"https:\/\/viveroleoessencial.com.br\/loja\/wp-json\/wp\/v2\/media\/2445"}],"wp:attachment":[{"href":"https:\/\/viveroleoessencial.com.br\/loja\/wp-json\/wp\/v2\/media?parent=2449"}],"wp:term":[{"taxonomy":"store","embeddable":true,"href":"https:\/\/viveroleoessencial.com.br\/loja\/wp-json\/wp\/v2\/store?post=2449"},{"taxonomy":"product_cat","embeddable":true,"href":"https:\/\/viveroleoessencial.com.br\/loja\/wp-json\/wp\/v2\/product_cat?post=2449"},{"taxonomy":"product_tag","embeddable":true,"href":"https:\/\/viveroleoessencial.com.br\/loja\/wp-json\/wp\/v2\/product_tag?post=2449"}],"curies":[{"name":"wp","href":"https:\/\/api.w.org\/{rel}","templated":true}]}}