{"id":2443,"date":"2022-06-25T18:33:35","date_gmt":"2022-06-25T21:33:35","guid":{"rendered":"https:\/\/viveroleoessencial.com.br\/loja\/index.php\/produto\/difusor-de-aromas-relogio-despertador-e-caixa-de-som-bluetooth-preserva-integridade-do-oleo-essencial-garantia-12m\/"},"modified":"2026-05-11T12:11:49","modified_gmt":"2026-05-11T15:11:49","slug":"difusor-de-aromas-relogio-despertador-e-caixa-de-som-bluetooth-preserva-integridade-do-oleo-essencial-garantia-12m","status":"publish","type":"product","link":"https:\/\/viveroleoessencial.com.br\/loja\/produto\/difusor-de-aromas-relogio-despertador-e-caixa-de-som-bluetooth-preserva-integridade-do-oleo-essencial-garantia-12m\/","title":{"rendered":"Difusor de Aromas, rel\u00f3gio, despertador e caixa de som bluetooth"},"content":{"rendered":"<ul>\n<li>Insira o n\u00famero do modelo para ter certeza que se encaixa.<\/li>\n<li>\nPot\u00eancia:12W<\/li>\n<li>\nControle de Luz LED: Colorido com troca autom\u00e1tica de cores<\/li>\n<li>\n\u00c1rea de Cobertura: At\u00e9 100m\u00b2<\/li>\n<li>\npode ser usado como caixa de som bluetooth, relogio e despertador.<\/li>\n<li>\nCapacidade do Tanque: 300ml<\/li>\n<\/ul>\n","protected":false},"excerpt":{"rendered":"<p>Insira o n\u00famero do modelo para ter certeza que se encaixa. Pot\u00eancia:12W Controle de Luz LED: Colorido com troca autom\u00e1tica de cores \u00c1rea de Cobertura: At\u00e9 100m\u00b2 pode ser usado como caixa de som bluetooth, relogio e despertador. Capacidade do Tanque: 300ml<\/p>\n","protected":false},"featured_media":2438,"comment_status":"open","ping_status":"closed","template":"","meta":{"spay_email":""},"store":[142],"product_cat":[143],"product_tag":[],"_links":{"self":[{"href":"https:\/\/viveroleoessencial.com.br\/loja\/wp-json\/wp\/v2\/product\/2443"}],"collection":[{"href":"https:\/\/viveroleoessencial.com.br\/loja\/wp-json\/wp\/v2\/product"}],"about":[{"href":"https:\/\/viveroleoessencial.com.br\/loja\/wp-json\/wp\/v2\/types\/product"}],"replies":[{"embeddable":true,"href":"https:\/\/viveroleoessencial.com.br\/loja\/wp-json\/wp\/v2\/comments?post=2443"}],"wp:featuredmedia":[{"embeddable":true,"href":"https:\/\/viveroleoessencial.com.br\/loja\/wp-json\/wp\/v2\/media\/2438"}],"wp:attachment":[{"href":"https:\/\/viveroleoessencial.com.br\/loja\/wp-json\/wp\/v2\/media?parent=2443"}],"wp:term":[{"taxonomy":"store","embeddable":true,"href":"https:\/\/viveroleoessencial.com.br\/loja\/wp-json\/wp\/v2\/store?post=2443"},{"taxonomy":"product_cat","embeddable":true,"href":"https:\/\/viveroleoessencial.com.br\/loja\/wp-json\/wp\/v2\/product_cat?post=2443"},{"taxonomy":"product_tag","embeddable":true,"href":"https:\/\/viveroleoessencial.com.br\/loja\/wp-json\/wp\/v2\/product_tag?post=2443"}],"curies":[{"name":"wp","href":"https:\/\/api.w.org\/{rel}","templated":true}]}}