{"id":2436,"date":"2022-06-25T18:33:28","date_gmt":"2022-06-25T21:33:28","guid":{"rendered":"https:\/\/viveroleoessencial.com.br\/loja\/index.php\/produto\/difusor-de-aromas-moon-br-hathas-branco\/"},"modified":"2026-05-05T07:13:20","modified_gmt":"2026-05-05T10:13:20","slug":"difusor-de-aromas-moon-br-hathas-branco","status":"publish","type":"product","link":"https:\/\/viveroleoessencial.com.br\/loja\/produto\/difusor-de-aromas-moon-br-hathas-branco\/","title":{"rendered":"Difusor de Aromas Moon Br HATHAS, Branco"},"content":{"rendered":"","protected":false},"excerpt":{"rendered":"<ul>\n<li>Capacidade do tanque: 165ml<\/li>\n<li>\n\u00c1rea de cobertura: at\u00e9 30m\u00b2<\/li>\n<li>\nColorido com troca autom\u00e1tica de cores<\/li>\n<li>\nDesligamento autom\u00e1tico de baixo n\u00edvel de \u00e1gua<\/li>\n<li>\nAltura: 14.5 cm<\/li>\n<\/ul>\n","protected":false},"featured_media":2433,"comment_status":"open","ping_status":"closed","template":"","meta":{"spay_email":""},"store":[142],"product_cat":[143],"product_tag":[],"_links":{"self":[{"href":"https:\/\/viveroleoessencial.com.br\/loja\/wp-json\/wp\/v2\/product\/2436"}],"collection":[{"href":"https:\/\/viveroleoessencial.com.br\/loja\/wp-json\/wp\/v2\/product"}],"about":[{"href":"https:\/\/viveroleoessencial.com.br\/loja\/wp-json\/wp\/v2\/types\/product"}],"replies":[{"embeddable":true,"href":"https:\/\/viveroleoessencial.com.br\/loja\/wp-json\/wp\/v2\/comments?post=2436"}],"wp:featuredmedia":[{"embeddable":true,"href":"https:\/\/viveroleoessencial.com.br\/loja\/wp-json\/wp\/v2\/media\/2433"}],"wp:attachment":[{"href":"https:\/\/viveroleoessencial.com.br\/loja\/wp-json\/wp\/v2\/media?parent=2436"}],"wp:term":[{"taxonomy":"store","embeddable":true,"href":"https:\/\/viveroleoessencial.com.br\/loja\/wp-json\/wp\/v2\/store?post=2436"},{"taxonomy":"product_cat","embeddable":true,"href":"https:\/\/viveroleoessencial.com.br\/loja\/wp-json\/wp\/v2\/product_cat?post=2436"},{"taxonomy":"product_tag","embeddable":true,"href":"https:\/\/viveroleoessencial.com.br\/loja\/wp-json\/wp\/v2\/product_tag?post=2436"}],"curies":[{"name":"wp","href":"https:\/\/api.w.org\/{rel}","templated":true}]}}