{"id":2435,"date":"2022-06-25T18:33:28","date_gmt":"2022-06-25T21:33:28","guid":{"rendered":"https:\/\/viveroleoessencial.com.br\/loja\/index.php\/produto\/asakuki-difusor-de-oleo-essencial-wi-fi-inteligente-controle-de-aplicativo-e-voz-compativel-com-alexa-umidificador-de-aromaterapia-de-500-ml-para\/"},"modified":"2026-05-10T06:03:38","modified_gmt":"2026-05-10T09:03:38","slug":"asakuki-difusor-de-oleo-essencial-wi-fi-inteligente-controle-de-aplicativo-e-voz-compativel-com-alexa-umidificador-de-aromaterapia-de-500-ml-para","status":"publish","type":"product","link":"https:\/\/viveroleoessencial.com.br\/loja\/produto\/asakuki-difusor-de-oleo-essencial-wi-fi-inteligente-controle-de-aplicativo-e-voz-compativel-com-alexa-umidificador-de-aromaterapia-de-500-ml-para\/","title":{"rendered":"ASAKUKI Difusor de \u00f3leo essencial Wi-Fi inteligente, controle de aplicativo e voz compat\u00edvel com Alexa"},"content":{"rendered":"<ul>\n<li>Tecnologia inteligente WI-FI: ouvimos as opini\u00f5es dos nossos clientes e fizemos uma grande melhoria em dezembro. Este incr\u00edvel difusor de \u00f3leo essencial usa a mais recente tecnologia para que voc\u00ea possa control\u00e1-lo perfeitamente usando um aplicativo! Baixe o aplicativo Tuya Smart que \u00e9 adequado para todos os smartphones e tablets para sua conveni\u00eancia e ligue e desative o difusor ou altere o modo. O difusor \u00e9 compat\u00edvel com o Amazon Echo para que ele possa operar com a Alexa para facilitar o uso.<\/li>\n<li>\nAtmosfera de relaxamento: este difusor de \u00f3leo essencial \u00e9 perfeito para qualquer casa, escrit\u00f3rio ou est\u00fadio de ioga, para que voc\u00ea possa criar uma atmosfera calmante. Este dispositivo ir\u00e1 umidificar o ar para que voc\u00ea n\u00e3o sofra mais de pele seca e l\u00e1bios. O difusor criar\u00e1 o ambiente perfeito para voc\u00ea.<\/li>\n<li>\nAjuste \u00e0s suas necessidades: o difusor tem uma grande capacidade de 500 ml, para que possa funcionar durante a noite para obter melhores resultados. A luz do difusor pode ser desligada ou diminu\u00edda para que nunca perturbe seu sono. O umidificador pode configurar cron\u00f4metros de programa\u00e7\u00e3o e temporizadores de contagem regressiva por meio do aplicativo Tuyasmart, para que voc\u00ea possa ajust\u00e1-lo \u00e0s suas necessidades para obter resultados m\u00e1ximos sempre.<\/li>\n<li>\nPERFEITAMENTE SEGURA: o difusor de \u00f3leo essencial ASAKUKI \u00e9 completamente livre de t\u00f3xicos para que possa ser absolutamente seguro para todos, mesmo para beb\u00eas pequenos! Voc\u00ea pode us\u00e1-lo com seguran\u00e7a diariamente no seu espa\u00e7o e at\u00e9 mesmo enquanto estiver dormindo para uma noite de descanso melhor. Quando estiver fora de \u00e1gua, ele parar\u00e1 automaticamente de funcionar para menor consumo de energia.<\/li>\n<li>\nPedido com confian\u00e7a: temos muita f\u00e9 em nossos difusores de \u00f3leo essencial. Afinal, n\u00f3s os usamos em nossas casas! Se voc\u00ea tiver algum problema com o difusor, n\u00e3o hesite em nos informar &#8211; sua satisfa\u00e7\u00e3o \u00e9 primordial!<\/li>\n<\/ul>\n","protected":false},"excerpt":{"rendered":"<p>Tecnologia inteligente WI-FI: ouvimos as opini\u00f5es dos nossos clientes e fizemos uma grande melhoria em dezembro. Este incr\u00edvel difusor de \u00f3leo essencial usa a mais recente tecnologia para que voc\u00ea possa control\u00e1-lo perfeitamente usando um aplicativo! Baixe o aplicativo Tuya Smart que \u00e9 adequado para todos os smartphones e tablets para sua conveni\u00eancia e ligue [&hellip;]<\/p>\n","protected":false},"featured_media":2432,"comment_status":"open","ping_status":"closed","template":"","meta":{"spay_email":""},"store":[161],"product_cat":[143],"product_tag":[],"_links":{"self":[{"href":"https:\/\/viveroleoessencial.com.br\/loja\/wp-json\/wp\/v2\/product\/2435"}],"collection":[{"href":"https:\/\/viveroleoessencial.com.br\/loja\/wp-json\/wp\/v2\/product"}],"about":[{"href":"https:\/\/viveroleoessencial.com.br\/loja\/wp-json\/wp\/v2\/types\/product"}],"replies":[{"embeddable":true,"href":"https:\/\/viveroleoessencial.com.br\/loja\/wp-json\/wp\/v2\/comments?post=2435"}],"wp:featuredmedia":[{"embeddable":true,"href":"https:\/\/viveroleoessencial.com.br\/loja\/wp-json\/wp\/v2\/media\/2432"}],"wp:attachment":[{"href":"https:\/\/viveroleoessencial.com.br\/loja\/wp-json\/wp\/v2\/media?parent=2435"}],"wp:term":[{"taxonomy":"store","embeddable":true,"href":"https:\/\/viveroleoessencial.com.br\/loja\/wp-json\/wp\/v2\/store?post=2435"},{"taxonomy":"product_cat","embeddable":true,"href":"https:\/\/viveroleoessencial.com.br\/loja\/wp-json\/wp\/v2\/product_cat?post=2435"},{"taxonomy":"product_tag","embeddable":true,"href":"https:\/\/viveroleoessencial.com.br\/loja\/wp-json\/wp\/v2\/product_tag?post=2435"}],"curies":[{"name":"wp","href":"https:\/\/api.w.org\/{rel}","templated":true}]}}