{"id":2434,"date":"2022-06-25T18:33:28","date_gmt":"2022-06-25T21:33:28","guid":{"rendered":"https:\/\/viveroleoessencial.com.br\/loja\/index.php\/produto\/asakuki-difusor-de-oleo-essencial-com-controle-remoto-umidificador-de-nevoa-fria-de-400-ml-difusor-de-aroma-de-operacao-de-16-horas-com\/"},"modified":"2026-05-04T04:54:43","modified_gmt":"2026-05-04T07:54:43","slug":"asakuki-difusor-de-oleo-essencial-com-controle-remoto-umidificador-de-nevoa-fria-de-400-ml-difusor-de-aroma-de-operacao-de-16-horas-com","status":"publish","type":"product","link":"https:\/\/viveroleoessencial.com.br\/loja\/produto\/asakuki-difusor-de-oleo-essencial-com-controle-remoto-umidificador-de-nevoa-fria-de-400-ml-difusor-de-aroma-de-operacao-de-16-horas-com\/","title":{"rendered":"ASAKUKI Difusor de \u00f3leo essencial com controle remoto"},"content":{"rendered":"<ul>\n<li>Melhor presente Dispositivo de aromaterapia 5 em 1: Este difusor de \u00f3leo essencial para casa \u00e9 um incr\u00edvel dispositivo de aromaterapia multifun\u00e7\u00e3o diferente de qualquer outro que voc\u00ea j\u00e1 usou. Possui um tanque de \u00e1gua grande e f\u00e1cil de limpar de 400 ml, 7 cores de luz LED diferentes, v\u00e1rios modos de difus\u00e3o de n\u00e9voa, bem como um interruptor autom\u00e1tico de seguran\u00e7a que evita o superaquecimento caso fique sem \u00e1gua.<\/li>\n<li>\nGrande difusor de aromaterapia: Al\u00e9m de seu uso em aromaterapia, este difusor de \u00f3leos essenciais tamb\u00e9m funciona como umidificador. Use-o para melhorar a qualidade da atmosfera da sua casa, cobrir o cheiro de animais de estima\u00e7\u00e3o ou fumar, e proteger sua fam\u00edlia do ar excessivamente seco, eletricidade est\u00e1tica e muito mais!<\/li>\n<li>\nM\u00faltiplos modelos com fun\u00e7\u00e3o de controle remoto \u2013 Nosso difusor para \u00f3leos essenciais vem com um controle remoto f\u00e1cil de usar que pode control\u00e1-lo at\u00e9 5 m e alterar os modos de ilumina\u00e7\u00e3o e neblina, bem como definir o temporizador do umidificador.<\/li>\n<li>\nUma \u00f3tima ideia de presente para todos: se voc\u00ea est\u00e1 no mercado para um presente bonito e pr\u00e1tico, pode parar de procurar. Este grande difusor de ar de aromaterapia para \u00f3leos essenciais \u00e9 um presente atencioso e pr\u00e1tico, que todos podem se beneficiar. Com uma combina\u00e7\u00e3o de estilo, design e fun\u00e7\u00e3o assim, \u00e9 um sucesso garantido!<\/li>\n<li>\nCOMPRA 100% SEM RISCO: Na ASAKUKI, temos muita f\u00e9 em nossos difusores de \u00f3leo essencial. Afinal, n\u00f3s os usamos em nossas casas! Cada um deles vem com um suporte t\u00e9cnico de 1 ano. Se tiver algum problema com o difusor, n\u00e3o hesite em entrar em contato conosco &#8211; sua satisfa\u00e7\u00e3o \u00e9 primordial!<\/li>\n<\/ul>\n","protected":false},"excerpt":{"rendered":"<p>Melhor presente Dispositivo de aromaterapia 5 em 1: Este difusor de \u00f3leo essencial para casa \u00e9 um incr\u00edvel dispositivo de aromaterapia multifun\u00e7\u00e3o diferente de qualquer outro que voc\u00ea j\u00e1 usou. Possui um tanque de \u00e1gua grande e f\u00e1cil de limpar de 400 ml, 7 cores de luz LED diferentes, v\u00e1rios modos de difus\u00e3o de n\u00e9voa, [&hellip;]<\/p>\n","protected":false},"featured_media":2431,"comment_status":"open","ping_status":"closed","template":"","meta":{"spay_email":""},"store":[161],"product_cat":[143],"product_tag":[],"_links":{"self":[{"href":"https:\/\/viveroleoessencial.com.br\/loja\/wp-json\/wp\/v2\/product\/2434"}],"collection":[{"href":"https:\/\/viveroleoessencial.com.br\/loja\/wp-json\/wp\/v2\/product"}],"about":[{"href":"https:\/\/viveroleoessencial.com.br\/loja\/wp-json\/wp\/v2\/types\/product"}],"replies":[{"embeddable":true,"href":"https:\/\/viveroleoessencial.com.br\/loja\/wp-json\/wp\/v2\/comments?post=2434"}],"wp:featuredmedia":[{"embeddable":true,"href":"https:\/\/viveroleoessencial.com.br\/loja\/wp-json\/wp\/v2\/media\/2431"}],"wp:attachment":[{"href":"https:\/\/viveroleoessencial.com.br\/loja\/wp-json\/wp\/v2\/media?parent=2434"}],"wp:term":[{"taxonomy":"store","embeddable":true,"href":"https:\/\/viveroleoessencial.com.br\/loja\/wp-json\/wp\/v2\/store?post=2434"},{"taxonomy":"product_cat","embeddable":true,"href":"https:\/\/viveroleoessencial.com.br\/loja\/wp-json\/wp\/v2\/product_cat?post=2434"},{"taxonomy":"product_tag","embeddable":true,"href":"https:\/\/viveroleoessencial.com.br\/loja\/wp-json\/wp\/v2\/product_tag?post=2434"}],"curies":[{"name":"wp","href":"https:\/\/api.w.org\/{rel}","templated":true}]}}