{"id":2269,"date":"2022-06-21T15:53:29","date_gmt":"2022-06-21T18:53:29","guid":{"rendered":"https:\/\/viveroleoessencial.com.br\/loja\/index.php\/produto\/aromaterapia-e-as-emocoes-como-usar-oleos-essenciais-para-equilibrar-o-corpo-e-a-mente\/"},"modified":"2026-05-05T04:48:03","modified_gmt":"2026-05-05T07:48:03","slug":"aromaterapia-e-as-emocoes-como-usar-oleos-essenciais-para-equilibrar-o-corpo-e-a-mente","status":"publish","type":"product","link":"https:\/\/viveroleoessencial.com.br\/loja\/produto\/aromaterapia-e-as-emocoes-como-usar-oleos-essenciais-para-equilibrar-o-corpo-e-a-mente\/","title":{"rendered":"Aromaterapia e as emo\u00e7\u00f5es: Como usar \u00f3leos essenciais para equilibrar o corpo e a mente"},"content":{"rendered":"","protected":false},"excerpt":{"rendered":"","protected":false},"featured_media":2268,"comment_status":"open","ping_status":"closed","template":"","meta":{"spay_email":""},"store":[140],"product_cat":[15],"product_tag":[],"_links":{"self":[{"href":"https:\/\/viveroleoessencial.com.br\/loja\/wp-json\/wp\/v2\/product\/2269"}],"collection":[{"href":"https:\/\/viveroleoessencial.com.br\/loja\/wp-json\/wp\/v2\/product"}],"about":[{"href":"https:\/\/viveroleoessencial.com.br\/loja\/wp-json\/wp\/v2\/types\/product"}],"replies":[{"embeddable":true,"href":"https:\/\/viveroleoessencial.com.br\/loja\/wp-json\/wp\/v2\/comments?post=2269"}],"wp:featuredmedia":[{"embeddable":true,"href":"https:\/\/viveroleoessencial.com.br\/loja\/wp-json\/wp\/v2\/media\/2268"}],"wp:attachment":[{"href":"https:\/\/viveroleoessencial.com.br\/loja\/wp-json\/wp\/v2\/media?parent=2269"}],"wp:term":[{"taxonomy":"store","embeddable":true,"href":"https:\/\/viveroleoessencial.com.br\/loja\/wp-json\/wp\/v2\/store?post=2269"},{"taxonomy":"product_cat","embeddable":true,"href":"https:\/\/viveroleoessencial.com.br\/loja\/wp-json\/wp\/v2\/product_cat?post=2269"},{"taxonomy":"product_tag","embeddable":true,"href":"https:\/\/viveroleoessencial.com.br\/loja\/wp-json\/wp\/v2\/product_tag?post=2269"}],"curies":[{"name":"wp","href":"https:\/\/api.w.org\/{rel}","templated":true}]}}