{"id":2267,"date":"2022-06-21T15:53:25","date_gmt":"2022-06-21T18:53:25","guid":{"rendered":"https:\/\/viveroleoessencial.com.br\/loja\/index.php\/produto\/limpando-a-casa-com-oleos-essenciais-aprenda-a-base-da-aromaterapia-e-como-voce-pode-ter-seus-beneficios-tambem-limpando-a-sua-casa\/"},"modified":"2026-05-09T16:22:09","modified_gmt":"2026-05-09T19:22:09","slug":"limpando-a-casa-com-oleos-essenciais-aprenda-a-base-da-aromaterapia-e-como-voce-pode-ter-seus-beneficios-tambem-limpando-a-sua-casa","status":"publish","type":"product","link":"https:\/\/viveroleoessencial.com.br\/loja\/produto\/limpando-a-casa-com-oleos-essenciais-aprenda-a-base-da-aromaterapia-e-como-voce-pode-ter-seus-beneficios-tambem-limpando-a-sua-casa\/","title":{"rendered":"Limpando a Casa com \u00d3leos Essenciais: Aprenda a base da aromaterapia e como voc\u00ea pode ter seus benef\u00edcios tamb\u00e9m limpando a sua casa"},"content":{"rendered":"","protected":false},"excerpt":{"rendered":"","protected":false},"featured_media":2266,"comment_status":"open","ping_status":"closed","template":"","meta":{"spay_email":""},"store":[140],"product_cat":[15],"product_tag":[],"_links":{"self":[{"href":"https:\/\/viveroleoessencial.com.br\/loja\/wp-json\/wp\/v2\/product\/2267"}],"collection":[{"href":"https:\/\/viveroleoessencial.com.br\/loja\/wp-json\/wp\/v2\/product"}],"about":[{"href":"https:\/\/viveroleoessencial.com.br\/loja\/wp-json\/wp\/v2\/types\/product"}],"replies":[{"embeddable":true,"href":"https:\/\/viveroleoessencial.com.br\/loja\/wp-json\/wp\/v2\/comments?post=2267"}],"wp:featuredmedia":[{"embeddable":true,"href":"https:\/\/viveroleoessencial.com.br\/loja\/wp-json\/wp\/v2\/media\/2266"}],"wp:attachment":[{"href":"https:\/\/viveroleoessencial.com.br\/loja\/wp-json\/wp\/v2\/media?parent=2267"}],"wp:term":[{"taxonomy":"store","embeddable":true,"href":"https:\/\/viveroleoessencial.com.br\/loja\/wp-json\/wp\/v2\/store?post=2267"},{"taxonomy":"product_cat","embeddable":true,"href":"https:\/\/viveroleoessencial.com.br\/loja\/wp-json\/wp\/v2\/product_cat?post=2267"},{"taxonomy":"product_tag","embeddable":true,"href":"https:\/\/viveroleoessencial.com.br\/loja\/wp-json\/wp\/v2\/product_tag?post=2267"}],"curies":[{"name":"wp","href":"https:\/\/api.w.org\/{rel}","templated":true}]}}