{"id":2265,"date":"2022-06-21T15:53:22","date_gmt":"2022-06-21T18:53:22","guid":{"rendered":"https:\/\/viveroleoessencial.com.br\/loja\/index.php\/produto\/oleos-essenciais-veja-quais-sao-como-e-quando-usar-oleos-essenciais\/"},"modified":"2026-05-02T04:34:48","modified_gmt":"2026-05-02T07:34:48","slug":"oleos-essenciais-veja-quais-sao-como-e-quando-usar-oleos-essenciais","status":"publish","type":"product","link":"https:\/\/viveroleoessencial.com.br\/loja\/produto\/oleos-essenciais-veja-quais-sao-como-e-quando-usar-oleos-essenciais\/","title":{"rendered":"\u00d3leos Essenciais: Veja Quais S\u00e3o, Como e Quando Usar \u00d3leos Essenciais"},"content":{"rendered":"","protected":false},"excerpt":{"rendered":"","protected":false},"featured_media":2264,"comment_status":"open","ping_status":"closed","template":"","meta":{"spay_email":""},"store":[140],"product_cat":[15],"product_tag":[],"_links":{"self":[{"href":"https:\/\/viveroleoessencial.com.br\/loja\/wp-json\/wp\/v2\/product\/2265"}],"collection":[{"href":"https:\/\/viveroleoessencial.com.br\/loja\/wp-json\/wp\/v2\/product"}],"about":[{"href":"https:\/\/viveroleoessencial.com.br\/loja\/wp-json\/wp\/v2\/types\/product"}],"replies":[{"embeddable":true,"href":"https:\/\/viveroleoessencial.com.br\/loja\/wp-json\/wp\/v2\/comments?post=2265"}],"wp:featuredmedia":[{"embeddable":true,"href":"https:\/\/viveroleoessencial.com.br\/loja\/wp-json\/wp\/v2\/media\/2264"}],"wp:attachment":[{"href":"https:\/\/viveroleoessencial.com.br\/loja\/wp-json\/wp\/v2\/media?parent=2265"}],"wp:term":[{"taxonomy":"store","embeddable":true,"href":"https:\/\/viveroleoessencial.com.br\/loja\/wp-json\/wp\/v2\/store?post=2265"},{"taxonomy":"product_cat","embeddable":true,"href":"https:\/\/viveroleoessencial.com.br\/loja\/wp-json\/wp\/v2\/product_cat?post=2265"},{"taxonomy":"product_tag","embeddable":true,"href":"https:\/\/viveroleoessencial.com.br\/loja\/wp-json\/wp\/v2\/product_tag?post=2265"}],"curies":[{"name":"wp","href":"https:\/\/api.w.org\/{rel}","templated":true}]}}