{"id":2251,"date":"2022-06-21T15:52:59","date_gmt":"2022-06-21T18:52:59","guid":{"rendered":"https:\/\/viveroleoessencial.com.br\/loja\/index.php\/produto\/blends-oleos-essenciais-50-sinergias-para-uso-aromatico-e-topico\/"},"modified":"2026-05-01T20:43:41","modified_gmt":"2026-05-01T23:43:41","slug":"blends-oleos-essenciais-50-sinergias-para-uso-aromatico-e-topico","status":"publish","type":"product","link":"https:\/\/viveroleoessencial.com.br\/loja\/produto\/blends-oleos-essenciais-50-sinergias-para-uso-aromatico-e-topico\/","title":{"rendered":"Blends \u00d3leos Essenciais: 50 sinergias para uso arom\u00e1tico e t\u00f3pico"},"content":{"rendered":"","protected":false},"excerpt":{"rendered":"","protected":false},"featured_media":2250,"comment_status":"open","ping_status":"closed","template":"","meta":{"spay_email":""},"store":[140],"product_cat":[15],"product_tag":[],"_links":{"self":[{"href":"https:\/\/viveroleoessencial.com.br\/loja\/wp-json\/wp\/v2\/product\/2251"}],"collection":[{"href":"https:\/\/viveroleoessencial.com.br\/loja\/wp-json\/wp\/v2\/product"}],"about":[{"href":"https:\/\/viveroleoessencial.com.br\/loja\/wp-json\/wp\/v2\/types\/product"}],"replies":[{"embeddable":true,"href":"https:\/\/viveroleoessencial.com.br\/loja\/wp-json\/wp\/v2\/comments?post=2251"}],"wp:featuredmedia":[{"embeddable":true,"href":"https:\/\/viveroleoessencial.com.br\/loja\/wp-json\/wp\/v2\/media\/2250"}],"wp:attachment":[{"href":"https:\/\/viveroleoessencial.com.br\/loja\/wp-json\/wp\/v2\/media?parent=2251"}],"wp:term":[{"taxonomy":"store","embeddable":true,"href":"https:\/\/viveroleoessencial.com.br\/loja\/wp-json\/wp\/v2\/store?post=2251"},{"taxonomy":"product_cat","embeddable":true,"href":"https:\/\/viveroleoessencial.com.br\/loja\/wp-json\/wp\/v2\/product_cat?post=2251"},{"taxonomy":"product_tag","embeddable":true,"href":"https:\/\/viveroleoessencial.com.br\/loja\/wp-json\/wp\/v2\/product_tag?post=2251"}],"curies":[{"name":"wp","href":"https:\/\/api.w.org\/{rel}","templated":true}]}}