{"id":2229,"date":"2022-06-21T15:48:53","date_gmt":"2022-06-21T18:48:53","guid":{"rendered":"https:\/\/viveroleoessencial.com.br\/loja\/index.php\/produto\/tecnicas-de-aplicacao-de-oleos-essenciais-terapias-de-saude-e-beleza\/"},"modified":"2026-05-11T13:02:18","modified_gmt":"2026-05-11T16:02:18","slug":"tecnicas-de-aplicacao-de-oleos-essenciais-terapias-de-saude-e-beleza","status":"publish","type":"product","link":"https:\/\/viveroleoessencial.com.br\/loja\/produto\/tecnicas-de-aplicacao-de-oleos-essenciais-terapias-de-saude-e-beleza\/","title":{"rendered":"T\u00e9cnicas de aplica\u00e7\u00e3o de \u00f3leos essenciais: Terapias de sa\u00fade e beleza"},"content":{"rendered":"","protected":false},"excerpt":{"rendered":"","protected":false},"featured_media":2228,"comment_status":"open","ping_status":"closed","template":"","meta":{"spay_email":""},"store":[140],"product_cat":[15],"product_tag":[],"_links":{"self":[{"href":"https:\/\/viveroleoessencial.com.br\/loja\/wp-json\/wp\/v2\/product\/2229"}],"collection":[{"href":"https:\/\/viveroleoessencial.com.br\/loja\/wp-json\/wp\/v2\/product"}],"about":[{"href":"https:\/\/viveroleoessencial.com.br\/loja\/wp-json\/wp\/v2\/types\/product"}],"replies":[{"embeddable":true,"href":"https:\/\/viveroleoessencial.com.br\/loja\/wp-json\/wp\/v2\/comments?post=2229"}],"wp:featuredmedia":[{"embeddable":true,"href":"https:\/\/viveroleoessencial.com.br\/loja\/wp-json\/wp\/v2\/media\/2228"}],"wp:attachment":[{"href":"https:\/\/viveroleoessencial.com.br\/loja\/wp-json\/wp\/v2\/media?parent=2229"}],"wp:term":[{"taxonomy":"store","embeddable":true,"href":"https:\/\/viveroleoessencial.com.br\/loja\/wp-json\/wp\/v2\/store?post=2229"},{"taxonomy":"product_cat","embeddable":true,"href":"https:\/\/viveroleoessencial.com.br\/loja\/wp-json\/wp\/v2\/product_cat?post=2229"},{"taxonomy":"product_tag","embeddable":true,"href":"https:\/\/viveroleoessencial.com.br\/loja\/wp-json\/wp\/v2\/product_tag?post=2229"}],"curies":[{"name":"wp","href":"https:\/\/api.w.org\/{rel}","templated":true}]}}