{"id":2223,"date":"2022-06-21T15:48:41","date_gmt":"2022-06-21T18:48:41","guid":{"rendered":"https:\/\/viveroleoessencial.com.br\/loja\/index.php\/produto\/livro-completo-dos-oleos-essenciais-como-combina-los-difundi-los-criar-remedios-e-usa-los-na-vida-cotidiana-2\/"},"modified":"2026-05-11T09:37:26","modified_gmt":"2026-05-11T12:37:26","slug":"livro-completo-dos-oleos-essenciais-como-combina-los-difundi-los-criar-remedios-e-usa-los-na-vida-cotidiana-2","status":"publish","type":"product","link":"https:\/\/viveroleoessencial.com.br\/loja\/produto\/livro-completo-dos-oleos-essenciais-como-combina-los-difundi-los-criar-remedios-e-usa-los-na-vida-cotidiana-2\/","title":{"rendered":"Livro completo dos \u00f3leos essenciais: Como combin\u00e1-los, difundi-los, criar rem\u00e9dios e us\u00e1-los na vida cotidiana"},"content":{"rendered":"","protected":false},"excerpt":{"rendered":"","protected":false},"featured_media":2222,"comment_status":"open","ping_status":"closed","template":"","meta":{"spay_email":""},"store":[140],"product_cat":[15],"product_tag":[],"_links":{"self":[{"href":"https:\/\/viveroleoessencial.com.br\/loja\/wp-json\/wp\/v2\/product\/2223"}],"collection":[{"href":"https:\/\/viveroleoessencial.com.br\/loja\/wp-json\/wp\/v2\/product"}],"about":[{"href":"https:\/\/viveroleoessencial.com.br\/loja\/wp-json\/wp\/v2\/types\/product"}],"replies":[{"embeddable":true,"href":"https:\/\/viveroleoessencial.com.br\/loja\/wp-json\/wp\/v2\/comments?post=2223"}],"wp:featuredmedia":[{"embeddable":true,"href":"https:\/\/viveroleoessencial.com.br\/loja\/wp-json\/wp\/v2\/media\/2222"}],"wp:attachment":[{"href":"https:\/\/viveroleoessencial.com.br\/loja\/wp-json\/wp\/v2\/media?parent=2223"}],"wp:term":[{"taxonomy":"store","embeddable":true,"href":"https:\/\/viveroleoessencial.com.br\/loja\/wp-json\/wp\/v2\/store?post=2223"},{"taxonomy":"product_cat","embeddable":true,"href":"https:\/\/viveroleoessencial.com.br\/loja\/wp-json\/wp\/v2\/product_cat?post=2223"},{"taxonomy":"product_tag","embeddable":true,"href":"https:\/\/viveroleoessencial.com.br\/loja\/wp-json\/wp\/v2\/product_tag?post=2223"}],"curies":[{"name":"wp","href":"https:\/\/api.w.org\/{rel}","templated":true}]}}