{"id":2219,"date":"2022-06-21T15:48:33","date_gmt":"2022-06-21T18:48:33","guid":{"rendered":"https:\/\/viveroleoessencial.com.br\/loja\/index.php\/produto\/guia-completo-dos-oleos-essenciais-poder-terapeutico-saude-beleza-e-bem-estar-2\/"},"modified":"2026-05-11T11:35:47","modified_gmt":"2026-05-11T14:35:47","slug":"guia-completo-dos-oleos-essenciais-poder-terapeutico-saude-beleza-e-bem-estar-2","status":"publish","type":"product","link":"https:\/\/viveroleoessencial.com.br\/loja\/produto\/guia-completo-dos-oleos-essenciais-poder-terapeutico-saude-beleza-e-bem-estar-2\/","title":{"rendered":"Guia Completo dos \u00d3leos Essenciais: Poder terap\u00eautico, sa\u00fade, beleza e bem-estar"},"content":{"rendered":"","protected":false},"excerpt":{"rendered":"","protected":false},"featured_media":2218,"comment_status":"open","ping_status":"closed","template":"","meta":{"spay_email":""},"store":[140],"product_cat":[15],"product_tag":[],"_links":{"self":[{"href":"https:\/\/viveroleoessencial.com.br\/loja\/wp-json\/wp\/v2\/product\/2219"}],"collection":[{"href":"https:\/\/viveroleoessencial.com.br\/loja\/wp-json\/wp\/v2\/product"}],"about":[{"href":"https:\/\/viveroleoessencial.com.br\/loja\/wp-json\/wp\/v2\/types\/product"}],"replies":[{"embeddable":true,"href":"https:\/\/viveroleoessencial.com.br\/loja\/wp-json\/wp\/v2\/comments?post=2219"}],"wp:featuredmedia":[{"embeddable":true,"href":"https:\/\/viveroleoessencial.com.br\/loja\/wp-json\/wp\/v2\/media\/2218"}],"wp:attachment":[{"href":"https:\/\/viveroleoessencial.com.br\/loja\/wp-json\/wp\/v2\/media?parent=2219"}],"wp:term":[{"taxonomy":"store","embeddable":true,"href":"https:\/\/viveroleoessencial.com.br\/loja\/wp-json\/wp\/v2\/store?post=2219"},{"taxonomy":"product_cat","embeddable":true,"href":"https:\/\/viveroleoessencial.com.br\/loja\/wp-json\/wp\/v2\/product_cat?post=2219"},{"taxonomy":"product_tag","embeddable":true,"href":"https:\/\/viveroleoessencial.com.br\/loja\/wp-json\/wp\/v2\/product_tag?post=2219"}],"curies":[{"name":"wp","href":"https:\/\/api.w.org\/{rel}","templated":true}]}}